{"id":2,"date":"2014-01-05T18:37:54","date_gmt":"2014-01-05T18:37:54","guid":{"rendered":"https:\/\/blog-es.mvmpsicologia.com\/?page_id=2"},"modified":"2016-08-24T15:24:00","modified_gmt":"2016-08-24T14:24:00","slug":"sample-page","status":"publish","type":"page","link":"https:\/\/blog-es.mvmpsicologia.com\/?page_id=2","title":{"rendered":"Qu\u00e9 es MVM Psicolog\u00eda"},"content":{"rendered":"<p><span style=\"color: #373737;\">MVM Psicolog\u00eda es una consulta de psicolog\u00eda sanitaria, de M\u00f3nica de Vicente, con\u00a0sede\u00a0en Tarragona.<\/span><\/p>\n<p><span style=\"color: #373737;\">Oferto <strong>servicios de psicolog\u00eda <em>online<\/em><\/strong> por videconferencia y <strong>presenciales en el despacho en Tarragona<\/strong>, en diversos \u00e1mbitos de la disciplina, y puedes encontrar m\u00e1s informaci\u00f3n y formas de contacto en la p\u00e1gina de inicio del sitio web\u00a0<strong><a title=\"Web de MVM Psicologia\" href=\"https:\/\/mvmpsicologia.com\/\">mvmpsicologia.com<\/a><\/strong><\/span><\/p>\n<p><span style=\"color: #373737;\">En este blog corporativo, desde 2014 escribo a menudo sobre temas relacionados con la psicolog\u00eda y el desarrollo personal. Mi objetivo es acompa\u00f1ar a las personas a realizar este maravilloso viaje hacia s\u00ed mismas. Hablamos de diversas corrientes psicol\u00f3gicas y entendemos al ser humano como un todo.<\/span><\/p>\n","protected":false},"excerpt":{"rendered":"<p>MVM Psicolog\u00eda es una consulta de psicolog\u00eda sanitaria, de M\u00f3nica de Vicente, con\u00a0sede\u00a0en Tarragona. Oferto servicios de psicolog\u00eda online por videconferencia y presenciales en el despacho en Tarragona, en diversos \u00e1mbitos de la disciplina, y puedes encontrar m\u00e1s informaci\u00f3n y &hellip; <a href=\"https:\/\/blog-es.mvmpsicologia.com\/?page_id=2\">Sigue leyendo <span class=\"meta-nav\">&rarr;<\/span><\/a><\/p>\n","protected":false},"author":1,"featured_media":0,"parent":0,"menu_order":0,"comment_status":"open","ping_status":"open","template":"","meta":{"footnotes":""},"_links":{"self":[{"href":"https:\/\/blog-es.mvmpsicologia.com\/index.php?rest_route=\/wp\/v2\/pages\/2"}],"collection":[{"href":"https:\/\/blog-es.mvmpsicologia.com\/index.php?rest_route=\/wp\/v2\/pages"}],"about":[{"href":"https:\/\/blog-es.mvmpsicologia.com\/index.php?rest_route=\/wp\/v2\/types\/page"}],"author":[{"embeddable":true,"href":"https:\/\/blog-es.mvmpsicologia.com\/index.php?rest_route=\/wp\/v2\/users\/1"}],"replies":[{"embeddable":true,"href":"https:\/\/blog-es.mvmpsicologia.com\/index.php?rest_route=%2Fwp%2Fv2%2Fcomments&post=2"}],"version-history":[{"count":6,"href":"https:\/\/blog-es.mvmpsicologia.com\/index.php?rest_route=\/wp\/v2\/pages\/2\/revisions"}],"predecessor-version":[{"id":200,"href":"https:\/\/blog-es.mvmpsicologia.com\/index.php?rest_route=\/wp\/v2\/pages\/2\/revisions\/200"}],"wp:attachment":[{"href":"https:\/\/blog-es.mvmpsicologia.com\/index.php?rest_route=%2Fwp%2Fv2%2Fmedia&parent=2"}],"curies":[{"name":"wp","href":"https:\/\/api.w.org\/{rel}","templated":true}]}}